{"id":2,"date":"2021-05-19T13:33:30","date_gmt":"2021-05-19T16:33:30","guid":{"rendered":"http:\/\/appriseditora.com\/contato\/?page_id=2"},"modified":"2021-05-21T17:33:45","modified_gmt":"2021-05-21T20:33:45","slug":"pagina","status":"publish","type":"page","link":"https:\/\/appriseditora.com\/contato\/","title":{"rendered":"P\u00e1gina de exemplo"},"content":{"rendered":"\t\t<div data-elementor-type=\"wp-page\" data-elementor-id=\"2\" class=\"elementor elementor-2\" data-elementor-settings=\"[]\">\n\t\t\t\t\t\t\t<div class=\"elementor-section-wrap\">\n\t\t\t\t\t\t\t<section class=\"elementor-section elementor-top-section elementor-element elementor-element-621bb24 elementor-section-boxed elementor-section-height-default elementor-section-height-default\" data-id=\"621bb24\" data-element_type=\"section\">\n\t\t\t\t\t\t<div class=\"elementor-container elementor-column-gap-default\">\n\t\t\t\t\t<div class=\"elementor-column elementor-col-25 elementor-top-column elementor-element elementor-element-fc41cd4\" data-id=\"fc41cd4\" data-element_type=\"column\">\n\t\t\t<div class=\"elementor-widget-wrap\">\n\t\t\t\t\t\t\t\t\t<\/div>\n\t\t<\/div>\n\t\t\t\t<div class=\"elementor-column elementor-col-50 elementor-top-column elementor-element elementor-element-43b8ffb\" data-id=\"43b8ffb\" data-element_type=\"column\">\n\t\t\t<div class=\"elementor-widget-wrap elementor-element-populated\">\n\t\t\t\t\t\t\t\t<div class=\"elementor-element elementor-element-0c61f80 elementor-widget elementor-widget-text-editor\" data-id=\"0c61f80\" data-element_type=\"widget\" data-widget_type=\"text-editor.default\">\n\t\t\t\t<div class=\"elementor-widget-container\">\n\t\t\t\t\t\t\t\t\t\t\t\t\t\t<\/div>\n\t\t\t\t<\/div>\n\t\t\t\t<div class=\"elementor-element elementor-element-0897d8b elementor-widget elementor-widget-heading\" data-id=\"0897d8b\" data-element_type=\"widget\" data-widget_type=\"heading.default\">\n\t\t\t\t<div class=\"elementor-widget-container\">\n\t\t\t<h2 class=\"elementor-heading-title elementor-size-default\">Por que publicar com a Editora Appris?<\/h2>\t\t<\/div>\n\t\t\t\t<\/div>\n\t\t\t\t\t<\/div>\n\t\t<\/div>\n\t\t\t\t<div class=\"elementor-column elementor-col-25 elementor-top-column elementor-element elementor-element-16d7cf5\" data-id=\"16d7cf5\" data-element_type=\"column\">\n\t\t\t<div class=\"elementor-widget-wrap\">\n\t\t\t\t\t\t\t\t\t<\/div>\n\t\t<\/div>\n\t\t\t\t\t\t\t<\/div>\n\t\t<\/section>\n\t\t\t\t<section class=\"elementor-section elementor-top-section elementor-element elementor-element-d3b2719 elementor-section-boxed elementor-section-height-default elementor-section-height-default\" data-id=\"d3b2719\" data-element_type=\"section\">\n\t\t\t\t\t\t<div class=\"elementor-container elementor-column-gap-default\">\n\t\t\t\t\t<div class=\"elementor-column elementor-col-25 elementor-top-column elementor-element elementor-element-9aff408\" data-id=\"9aff408\" data-element_type=\"column\">\n\t\t\t<div class=\"elementor-widget-wrap\">\n\t\t\t\t\t\t\t\t\t<\/div>\n\t\t<\/div>\n\t\t\t\t<div class=\"elementor-column elementor-col-50 elementor-top-column elementor-element elementor-element-2b3b76c\" data-id=\"2b3b76c\" data-element_type=\"column\">\n\t\t\t<div class=\"elementor-widget-wrap elementor-element-populated\">\n\t\t\t\t\t\t\t\t<div class=\"elementor-element elementor-element-9dbe82d elementor-widget elementor-widget-text-editor\" data-id=\"9dbe82d\" data-element_type=\"widget\" data-widget_type=\"text-editor.default\">\n\t\t\t\t<div class=\"elementor-widget-container\">\n\t\t\t\t\t\t\t\t<p>A editora Appris possui um dos mais importantes cat\u00e1logos de livros de interesse acad\u00eamico, t\u00e9cnico e cient\u00edfico do Brasil, sendo mais de quatro mil obras em todo o territ\u00f3rio nacional. Al\u00e9m desses, por meio do selo Art\u00eara, publicamos livros voltados ao p\u00fablico amplo, tais como romances, livros infantis, poesias, contos e obras voltadas ao desenvolvimento pessoal.<\/p>\n<p>A Editora Appris \u00e9 uma das mais atuantes e conceituadas em publica\u00e7\u00f5es na \u00e1rea de Educa\u00e7\u00e3o, Comunica\u00e7\u00e3o, Direito, Ci\u00eancias Humanas, Exatas e suas ramifica\u00e7\u00f5es. Considerando todo o nosso know-how, atua\u00e7\u00e3o acad\u00eamica e conhecimento em publica\u00e7\u00f5es t\u00e9cnico-cient\u00edficas, atualmente somos refer\u00eancia para profissionais deste segmento.<\/p>\n<p>Nosso cat\u00e1logo de livros conta com 5 selos editoriais e 27 cole\u00e7\u00f5es cient\u00edficas, distribu\u00eddos em todo o Brasil, por meio das maiores livrarias nacionais atuantes, tais como Livraria Cultura, Da Vila, Saraiva, Amazon, Martins Fontes, entre outras, e internacionalmente em mais de 60 pa\u00edses por meio de nossos canais de Market Place.<\/p>\n<p>Com a miss\u00e3o de ser um diferencial em qualidade e compet\u00eancia entre as editoras brasileiras, nos propomos a oferecer os mais qualificados servi\u00e7os, tanto para os nossos autores, como para nossos parceiros, sejam eles livrarias, livreiros, organiza\u00e7\u00f5es, universidades e institui\u00e7\u00f5es educacionais e todas as demais parcerias caracter\u00edsticas de um servi\u00e7o editorial desse porte.<\/p>\t\t\t\t\t\t<\/div>\n\t\t\t\t<\/div>\n\t\t\t\t\t<\/div>\n\t\t<\/div>\n\t\t\t\t<div class=\"elementor-column elementor-col-25 elementor-top-column elementor-element elementor-element-d2c14cc\" data-id=\"d2c14cc\" data-element_type=\"column\">\n\t\t\t<div class=\"elementor-widget-wrap\">\n\t\t\t\t\t\t\t\t\t<\/div>\n\t\t<\/div>\n\t\t\t\t\t\t\t<\/div>\n\t\t<\/section>\n\t\t\t\t<section class=\"elementor-section elementor-top-section elementor-element elementor-element-c9f949f elementor-section-boxed elementor-section-height-default elementor-section-height-default\" data-id=\"c9f949f\" data-element_type=\"section\">\n\t\t\t\t\t\t<div class=\"elementor-container elementor-column-gap-default\">\n\t\t\t\t\t<div class=\"elementor-column elementor-col-25 elementor-top-column elementor-element elementor-element-cd20c33\" data-id=\"cd20c33\" data-element_type=\"column\">\n\t\t\t<div class=\"elementor-widget-wrap\">\n\t\t\t\t\t\t\t\t\t<\/div>\n\t\t<\/div>\n\t\t\t\t<div class=\"elementor-column elementor-col-50 elementor-top-column elementor-element elementor-element-ca07039\" data-id=\"ca07039\" data-element_type=\"column\">\n\t\t\t<div class=\"elementor-widget-wrap elementor-element-populated\">\n\t\t\t\t\t\t\t\t<div class=\"elementor-element elementor-element-62d3611 elementor-widget elementor-widget-html\" data-id=\"62d3611\" data-element_type=\"widget\" data-widget_type=\"html.default\">\n\t\t\t\t<div class=\"elementor-widget-container\">\n\t\t\t<form action=\"https:\/\/api.elasticemail.com\/contact\/add?version=2\" data-id=\"ThKXbMPLch\" method=\"post\" id=\"ewf_subscriptionForm_ThKXbMPLch\" class=\"EWF__form Inline\">\r\n<div class=\"headers\" style=\"\">\r\n<h4 id=\"ewf_formheader\" class=\"EWF__header\">Saiba mais como publicar um livro\r\n<\/h4>\r\n<p id=\"ewf_formdesc\" style=\"display: none;\">\r\n<\/p>\r\n<\/div>\r\n<fieldset style=\"border:none;\" class=\"webform-custominputs\">\r\n<div class=\"inputs\">\r\n<div>\r\n<label for=\"email\" class=\"requiredInput\">Email\r\n<\/label>\r\n<input maxlength=\"60\" class=\"form-control webform__form-control\" name=\"email\" size=\"20\" type=\"email\" required=\"\" placeholder=\"\">\r\n<\/div>\r\n<div>\r\n<label for=\"field_firstname\">Nome\r\n<\/label>\r\n<input maxlength=\"60\" class=\"form-control webform__form-control\" name=\"field_firstname\" size=\"20\" type=\"text\" placeholder=\"\">\r\n<\/div>\r\n<\/div>\r\n<div class=\"checkboxes\">\r\n<\/div>\r\n<div class=\"webform-lists\">\r\n<\/div>\r\n<p id=\"ewf_datadisclaimer\">\r\n<\/p>\r\n<\/fieldset>\r\n<fieldset class=\"webform-options style-updated\" style=\"border:none;\">\r\n<input type=\"submit\" name=\"submit\" value=\"ENVIAR\" id=\"eesubmit\" class=\"EWF__subscribe\">\r\n<input type=\"hidden\" name=\"publicaccountid\" value=\"aba825d0-efbf-47c8-b5a5-d00ae0d5d8a2\">\r\n<input type=\"hidden\" name=\"publicformid\" value=\"73698274-a451-44c0-877c-d778067cc67a\">\r\n<input type=\"hidden\" name=\"returnUrl\" value=\"http:\/\/appriseditora.com\/contato\/index.php\/formulario-preenchido\">\r\n<input type=\"hidden\" name=\"activationReturnUrl\" value=\"http:\/\/appriseditora.com\/contato\/index.php\/e-mail-recebido\">\r\n<input type=\"hidden\" name=\"alreadyactiveurl\" value=\"http:\/\/appriseditora.com\/contato\/index.php\/validacao\/\">\r\n<input type=\"hidden\" name=\"activationTemplate\" value=\"\">\r\n<input type=\"hidden\" name=\"source\" value=\"WebForm\">\r\n<input type=\"hidden\" id=\"ewf_captcha\" name=\"captcha\" value=\"false\">\r\n<input type=\"hidden\" name=\"notifyEmail\" value=\"\">\r\n<button type=\"button\" name=\"dismissForm\" id=\"ewf_dismissForm\" style=\"display:none; position: absolute; top: 0; right: 0; float: right\">X\r\n<\/button>\r\n<input id=\"ewf_verifyEmails\" type=\"hidden\" name=\"verifyemail\" value=\"false\">\r\n<\/fieldset>\r\n<div id=\"ewf_style\" class=\"Inline\">\r\n<style id=\"webform__main-styles\">form.EWF__form {\r\nbackground:#77bfa3;\r\npadding-top:40px;\r\npadding-left:40px;\r\npadding-bottom:40px;\r\npadding-right:40px;\r\nborder-radius:6px;\r\nbox-sizing:border-box;\r\nbox-shadow:0px 0px 0px rgba(0, 0, 0, 0);\r\n}\r\nform.EWF__form p {\r\ncolor:#40705e;\r\ntext-align:left;\r\nline-height:14px;\r\nfont-size:12px;\r\nfont-family:Muli, Helvetica, Arial, \"sans serif\";\r\nfont-style:normal;\r\nfont-weight:normal;\r\nmargin:12px 0;\r\n}\r\nform.EWF__form .EWF__header {\r\nbackground:transparent;\r\npadding-top:20px;\r\ncolor:#2c463c;\r\npadding-left:20px;\r\npadding-bottom:20px;\r\npadding-right:20px;\r\ntext-align:center;\r\nline-height:34px;\r\nfont-size:32px;\r\nfont-family:Nunito, Helvetica, Arial, \"sans serif\";\r\nmargin:0;\r\nfont-style:normal;\r\nfont-weight:bold;\r\n}\r\nform.EWF__form label {\r\nline-height:18px;\r\nfont-size:16px;\r\ncolor:#2c463c;\r\nfont-family:Nunito, Helvetica, Arial, \"sans serif\";\r\ntext-align:left;\r\ndisplay:block;\r\nfont-style:normal;\r\nfont-weight:bold;\r\nmargin-bottom:5px;\r\n}\r\nform.EWF__form input {\r\nbackground:#bfd8bd;\r\npadding-top:12px;\r\ncolor:#40705e;\r\npadding-left:12px;\r\npadding-bottom:12px;\r\npadding-right:12px;\r\nborder-radius:6px;\r\nline-height:18px;\r\nfont-size:16px;\r\nfont-family:Arial;\r\ntext-align:left;\r\nborder:0;\r\nwidth:100%;\r\nmax-width:100%;\r\ndisplay:block;\r\nfont-style:normal;\r\nfont-weight:normal;\r\n}\r\nform.EWF__form input::placeholder {\r\ncolor:#40705e;\r\nfont-size:14px;\r\n}\r\nform.EWF__form .EWF__subscribe {\r\nbackground:#edeec9;\r\npadding-top:12px;\r\nline-height:20px;\r\nfont-size:18px;\r\ncolor:#2c463c;\r\npadding-left:12px;\r\npadding-bottom:12px;\r\npadding-right:12px;\r\nborder-radius:28px;\r\nfont-family:Arial;\r\nborder:0;\r\ndisplay:inline-block;\r\nwidth:auto;\r\nmax-width:100%;\r\nfont-style:normal;\r\nfont-weight:normal;\r\n}\r\n.EWF__form .webform-options {\r\ntext-align:center;\r\n}\r\nform.EWF__form .inputs > div {\r\nmargin-bottom:1rem;\r\n}\r\nform.EWF__form * {\r\nbox-sizing:border-box;\r\n}\r\nform.EWF__form fieldset {\r\ndisplay:block;\r\npadding:0;\r\nmargin:0;\r\n}\r\nform.EWF__form .checkboxes input[type=\"checkbox\"] {\r\nborder: 1px solid #CFD6DB;\r\nborder-radius: 4px;\r\npadding: 12px;\r\nwidth: 0;\r\ndisplay: inline-block;\r\nmargin-right: 20px;\r\n}\r\nform.EWF__form .checkboxes input[type=\"checkbox\"]:before {\r\nbackground-image: url(\"data:image\/svg+xml,%3Csvg xmlns='http:\/\/www.w3.org\/2000\/svg' xmlns:xlink='http:\/\/www.w3.org\/1999\/xlink' version='1.1' id='Warstwa_1' x='0px' y='0px' viewBox='0 0 16 16' style='enable-background:new 0 0 16 16;' xml:space='preserve' width='16' height='16'%3E%3Cstyle type='text\/css'%3E .st0%7Bfill:none;%7D .st1%7Bfill:%23FFFFFF;stroke:%23CFD6DB;%7D%0A%3C\/style%3E%3Cg transform='translate(-925 -324)'%3E%3Cg transform='translate(925 324)'%3E%3Cpath class='st0' d='M4,0h8c2.2,0,4,1.8,4,4v8c0,2.2-1.8,4-4,4H4c-2.2,0-4-1.8-4-4V4C0,1.8,1.8,0,4,0z'\/%3E%3Cpath class='st1' d='M4,0.5h8c1.9,0,3.5,1.6,3.5,3.5v8c0,1.9-1.6,3.5-3.5,3.5H4c-1.9,0-3.5-1.6-3.5-3.5V4C0.5,2.1,2.1,0.5,4,0.5z'\/%3E%3C\/g%3E%3C\/g%3E%3C\/svg%3E\");\r\nbackground-color: #fff;\r\nwidth: 16px;\r\nheight: 16px;\r\ncontent: '';\r\ndisplay: block;\r\ncursor: pointer;\r\nborder-radius: 4px;\r\n}\r\nform.EWF__form .checkboxes input[type=\"checkbox\"]:hover:before {\r\nbackground-image: url(\"data:image\/svg+xml,%3Csvg xmlns='http:\/\/www.w3.org\/2000\/svg' width='16' height='16' viewBox='0 0 16 16'%3E%3Cdefs%3E%3Cstyle%3E.a%7Bfill:%23fff;stroke:%235457ff;stroke-width:2px;%7D.b%7Bstroke:none;%7D.c%7Bfill:none;%7D%3C\/style%3E%3C\/defs%3E%3Cg transform='translate(-925 -324)'%3E%3Cg class='a' transform='translate(925 324)'%3E%3Crect class='b' width='16' height='16' rx='4'\/%3E%3Crect class='c' x='1' y='1' width='14' height='14' rx='3'\/%3E%3C\/g%3E%3C\/g%3E%3C\/svg%3E\");\r\nbackground-color: #fff;\r\n}\r\nform.EWF__form .checkboxes input[type=\"checkbox\"]:checked:before {\r\nbackground-image: url(\"data:image\/svg+xml,%3Csvg xmlns='http:\/\/www.w3.org\/2000\/svg' xmlns:xlink='http:\/\/www.w3.org\/1999\/xlink' version='1.1' id='Warstwa_1' x='0px' y='0px' viewBox='0 0 16 16' style='enable-background:new 0 0 16 16;' xml:space='preserve' width='16' height='16'%3E%3Cstyle type='text\/css'%3E .st0%7Bfill:none;%7D .st1%7Bfill:%23FFFFFF;stroke:%235457FF;%7D .st2%7Bfill:%2332325C;%7D%0A%3C\/style%3E%3Cg transform='translate(-925 -324)'%3E%3Cg transform='translate(925 324)'%3E%3Cpath class='st0' d='M4,0h8c2.2,0,4,1.8,4,4v8c0,2.2-1.8,4-4,4H4c-2.2,0-4-1.8-4-4V4C0,1.8,1.8,0,4,0z'\/%3E%3Cpath class='st1' d='M4,0.5h8c1.9,0,3.5,1.6,3.5,3.5v8c0,1.9-1.6,3.5-3.5,3.5H4c-1.9,0-3.5-1.6-3.5-3.5V4C0.5,2.1,2.1,0.5,4,0.5z'\/%3E%3C\/g%3E%3Cpath class='st2' d='M938,328.9l-0.8-0.8c-0.1-0.1-0.1-0.1-0.2,0c0,0,0,0,0,0l-5.6,5.9l-2.3-2.4c-0.1-0.1-0.1-0.1-0.2,0 c0,0,0,0,0,0l-0.8,0.8c-0.1,0.1-0.1,0.2,0,0.2l3.2,3.3c0.1,0.1,0.1,0.1,0.2,0c0,0,0,0,0,0l6.5-6.9C938,329,938,328.9,938,328.9z'\/%3E%3C\/g%3E%3C\/svg%3E\");\r\nbackground-color: #fff;\r\n}\r\nform.EWF__form .checkboxes input[type=\"checkbox\"]:hover:checked:before {\r\nbackground-image: url(\"data:image\/svg+xml,%3Csvg xmlns='http:\/\/www.w3.org\/2000\/svg' width='16' height='16' viewBox='0 0 16 16'%3E%3Cdefs%3E%3Cstyle%3E.a%7Bfill:%23fff;stroke:%235457ff;stroke-width:2px;%7D.b%7Bfill:%2332325c;%7D.c%7Bstroke:none;%7D.d%7Bfill:none;%7D%3C\/style%3E%3C\/defs%3E%3Cg transform='translate(-925 -324)'%3E%3Cg class='a' transform='translate(925 324)'%3E%3Crect class='c' width='16' height='16' rx='4'\/%3E%3Crect class='d' x='1' y='1' width='14' height='14' rx='3'\/%3E%3C\/g%3E%3Cpath class='b' d='M10.032.964,9.224.118a.141.141,0,0,0-.2,0L3.384,6.02,1.124,3.653a.141.141,0,0,0-.2,0L.116,4.5a.157.157,0,0,0,0,.212L3.284,8.032a.141.141,0,0,0,.2,0l6.545-6.855A.153.153,0,0,0,10.032.964Z' transform='translate(927.925 327.925)'\/%3E%3C\/g%3E%3C\/svg%3E\");\r\nbackground-color: #fff;\r\n}\r\nform.EWF__form .EWF__error {\r\ncolor: red;\r\npadding-top: 10px;\r\n}\r\nform.EWF__form a {\r\ncolor:#5457ff;\r\nfont-style:undefined;\r\nline-height:14px;\r\nfont-size:12px;\r\nfont-weight:normal;\r\n}\r\n@supports (-ms-ime-align:auto) {\r\nform.EWF__form .checkboxes input[type='checkbox'], form.EWF__form .consent input[type='checkbox'] {\r\nwidth: 16px !important;\r\nmargin-right: 5px;\r\n}\r\n}\r\n<\/style>\r\n<\/div>\r\n<\/form>\t\t<\/div>\n\t\t\t\t<\/div>\n\t\t\t\t\t<\/div>\n\t\t<\/div>\n\t\t\t\t<div class=\"elementor-column elementor-col-25 elementor-top-column elementor-element elementor-element-c23caf8\" data-id=\"c23caf8\" data-element_type=\"column\">\n\t\t\t<div class=\"elementor-widget-wrap\">\n\t\t\t\t\t\t\t\t\t<\/div>\n\t\t<\/div>\n\t\t\t\t\t\t\t<\/div>\n\t\t<\/section>\n\t\t\t\t\t\t<\/div>\n\t\t\t\t\t<\/div>\n\t\t","protected":false},"excerpt":{"rendered":"<p>Por que publicar com a Editora Appris? A editora Appris possui um dos mais importantes cat\u00e1logos de livros de interesse acad\u00eamico, t\u00e9cnico e cient\u00edfico do Brasil, sendo mais de quatro mil obras em todo o territ\u00f3rio nacional. Al\u00e9m desses, por meio do selo Art\u00eara, publicamos livros voltados ao p\u00fablico amplo, tais como romances, livros infantis, [&hellip;]<\/p>\n","protected":false},"author":1,"featured_media":0,"parent":0,"menu_order":0,"comment_status":"closed","ping_status":"open","template":"elementor_header_footer","meta":{"om_disable_all_campaigns":false,"_monsterinsights_skip_tracking":false,"_monsterinsights_sitenote_active":false,"_monsterinsights_sitenote_note":"","_monsterinsights_sitenote_category":0},"_links":{"self":[{"href":"https:\/\/appriseditora.com\/contato\/index.php\/wp-json\/wp\/v2\/pages\/2"}],"collection":[{"href":"https:\/\/appriseditora.com\/contato\/index.php\/wp-json\/wp\/v2\/pages"}],"about":[{"href":"https:\/\/appriseditora.com\/contato\/index.php\/wp-json\/wp\/v2\/types\/page"}],"author":[{"embeddable":true,"href":"https:\/\/appriseditora.com\/contato\/index.php\/wp-json\/wp\/v2\/users\/1"}],"replies":[{"embeddable":true,"href":"https:\/\/appriseditora.com\/contato\/index.php\/wp-json\/wp\/v2\/comments?post=2"}],"version-history":[{"count":23,"href":"https:\/\/appriseditora.com\/contato\/index.php\/wp-json\/wp\/v2\/pages\/2\/revisions"}],"predecessor-version":[{"id":112,"href":"https:\/\/appriseditora.com\/contato\/index.php\/wp-json\/wp\/v2\/pages\/2\/revisions\/112"}],"wp:attachment":[{"href":"https:\/\/appriseditora.com\/contato\/index.php\/wp-json\/wp\/v2\/media?parent=2"}],"curies":[{"name":"wp","href":"https:\/\/api.w.org\/{rel}","templated":true}]}}